{"id":62,"date":"2008-10-27T23:15:16","date_gmt":"2008-10-27T23:15:16","guid":{"rendered":"http:\/\/www.salonmusik-saitenspruenge.de\/?page_id=62"},"modified":"2008-10-27T23:19:43","modified_gmt":"2008-10-27T23:19:43","slug":"repertoire","status":"publish","type":"page","link":"https:\/\/www.salonmusik-saitenspruenge.de\/?page_id=62","title":{"rendered":"Repertoire"},"content":{"rendered":"<p style=\"text-align: center;\"><a href=\"http:\/\/www.salonmusik-saitenspruenge.de\/?page_id=62&amp;md_char=0\">?<\/a> <a href=\"http:\/\/www.salonmusik-saitenspruenge.de\/?page_id=62&amp;md_char=A\">A<\/a> <a href=\"http:\/\/www.salonmusik-saitenspruenge.de\/?page_id=62&amp;md_char=B\">B<\/a> <a href=\"http:\/\/www.salonmusik-saitenspruenge.de\/?page_id=62&amp;md_char=C\">C<\/a> <a href=\"http:\/\/www.salonmusik-saitenspruenge.de\/?page_id=62&amp;md_char=D\">D<\/a> <a href=\"http:\/\/www.salonmusik-saitenspruenge.de\/?page_id=62&amp;md_char=E\">E<\/a> <a href=\"http:\/\/www.salonmusik-saitenspruenge.de\/?page_id=62&amp;md_char=F\">F<\/a> <a href=\"http:\/\/www.salonmusik-saitenspruenge.de\/?page_id=62&amp;md_char=G\">G<\/a> <a href=\"http:\/\/www.salonmusik-saitenspruenge.de\/?page_id=62&amp;md_char=H\">H<\/a> <a href=\"http:\/\/www.salonmusik-saitenspruenge.de\/?page_id=62&amp;md_char=I\">I<\/a> <a href=\"http:\/\/www.salonmusik-saitenspruenge.de\/?page_id=62&amp;md_char=J\">J<\/a> <a href=\"http:\/\/www.salonmusik-saitenspruenge.de\/?page_id=62&amp;md_char=K\">K<\/a> <a href=\"http:\/\/www.salonmusik-saitenspruenge.de\/?page_id=62&amp;md_char=L\">L<\/a> <a href=\"http:\/\/www.salonmusik-saitenspruenge.de\/?page_id=62&amp;md_char=M\">M<\/a> <a href=\"http:\/\/www.salonmusik-saitenspruenge.de\/?page_id=62&amp;md_char=N\">N<\/a> <a href=\"http:\/\/www.salonmusik-saitenspruenge.de\/?page_id=62&amp;md_char=O\">O<\/a> <a href=\"http:\/\/www.salonmusik-saitenspruenge.de\/?page_id=62&amp;md_char=P\">P<\/a> <a href=\"http:\/\/www.salonmusik-saitenspruenge.de\/?page_id=62&amp;md_char=Q\">Q<\/a> <a href=\"http:\/\/www.salonmusik-saitenspruenge.de\/?page_id=62&amp;md_char=R\">R<\/a> <a href=\"http:\/\/www.salonmusik-saitenspruenge.de\/?page_id=62&amp;md_char=S\">S<\/a> <a href=\"http:\/\/www.salonmusik-saitenspruenge.de\/?page_id=62&amp;md_char=T\">T<\/a> <a href=\"http:\/\/www.salonmusik-saitenspruenge.de\/?page_id=62&amp;md_char=U\">U<\/a> <a href=\"http:\/\/www.salonmusik-saitenspruenge.de\/?page_id=62&amp;md_char=V\">V<\/a> <a href=\"http:\/\/www.salonmusik-saitenspruenge.de\/?page_id=62&amp;md_char=W\">W<\/a> <a href=\"http:\/\/www.salonmusik-saitenspruenge.de\/?page_id=62&amp;md_char=X\">X<\/a> <a href=\"http:\/\/www.salonmusik-saitenspruenge.de\/?page_id=62&amp;md_char=Y\">Y<\/a> <a href=\"http:\/\/www.salonmusik-saitenspruenge.de\/?page_id=62&amp;md_char=Z\">Z<\/a> <a href=\"http:\/\/www.salonmusik-saitenspruenge.de\/?page_id=62&amp;md_char=all\">all<\/a><\/p>\n<p>Feuert los! (Blaze away!) - Abe Holzmann<br \/>St\u00e4ndchen - Jonny Heykens<br \/>Nixengefl\u00fcster - Jonny Heykens<br \/>Elfentanz - Jonny Heykens<br \/>Barcarole Venezia - Rudolf Kattnigg<br \/>Aloha-oe - P. Cesso - Valerio<br \/>Indian love call (\u00dcber die Pr\u00e4rie) - Rudolf Friml<br \/>Der Student geht vorbei - I.C. Ibanez<br \/>Kann denn Liebe S\u00fcnde sein? - Lothar Br\u00fchne<br \/>Heimat deine Sterne - Werner Bochmann<br \/>Liebe, du Himmel auf Erden - Franz Leh\u00e1r<br \/>Gl\u00fchw\u00fcrmchen-Idyll - Paul Lincke<br \/>Unter dem Doppeladler - J.F. Wagner<br \/>Radetzky-Marsch - Johann Strau\u00df (Vater)<br \/>Erzherzog Albrecht-Marsch - Karl Komz\u00e1k<br \/>Einzug der Gladiatoren - Julius Fucik<br \/>Jetzt geht\u00b4s los! - Franz Leh\u00e1r<br \/>Olympia - Jaroslav Labsky<br \/>Folies-Berg\u00e9re - Paul Lincke<br \/>Rainer-Marsch - Hans Schmid<br \/>Wien bleibt Wien - Johann Schrammel<br \/>Und wieder geht ein sch\u00f6ner Tag zu Ende - Gerhard Winkler<br \/>Always (Heimweh) - Irving Berlin<br \/>Ungarwein - Helmut Ritter<br \/>Mein Liebling hei\u00dft M\u00e4di - Vincent Rose<br \/>Drau\u00dfen in Sievering bl\u00fcht wieder der Flieder - Johann Strau\u00df<br \/>In Wien hab ich einmal ein M\u00e4del geliebt - Robert Stolz<br \/>Ich hab die sch\u00f6nen Maderl\u00b4n net erfunden - Ludwig Schmidseder<br \/>Sieveringer Erinnerungen - Rudolf Kemeter<br \/>Niemand liebt dich so wie ich - Franz Leh\u00e1r<br \/>Wien wird bei Nacht erst sch\u00f6n - Robert Stolz<br \/>Im Prater bl\u00fchn wieder die B\u00e4ume - Robert Stolz<br \/>Lied und Czardas - Franz Leh\u00e1r<br \/>Der Original Puszta-Fox - Erd\u00e9lyi Mih\u00e1ly<br \/>An der Donau steht Marika - Jen\u00f6 Huszka<br \/>Secht\u00b4s Leutln, so war\u00b4s anno Drei\u00dfig - Roman Domanig-Roll<br \/>Drunt in der Lobau - Heinrich Strecker<br \/>Serenata napolitana - Fedele Rivelli<br \/>Toselli-Serenade - Enrico Toselli<br \/>Mexikanische Serenade - Erich Kaschubek<br \/>Das blonde K\u00e4thchen - Eldo di Lazzaro<br \/>Valencia - Jos\u00e9 Padilla<br \/>Pasadena - Harry Warren<br \/>Salom\u00e9 - Robert Stolz<br \/>Ich hab das Fr\u00e4ulein Helen baden sehn - Fred Raymond<br \/>La cumparsita - Matos Rodriguez<br \/>Was machst du mit dem Knie, lieber Hans? - Richard Fall<br \/>Komm zur\u00fcck - Dino Olivieri<br \/>Puppchen, du bist mein Augenstern! - Jean Gilbert<br \/>Wenn der wei\u00dfe Flieder wieder bl\u00fcht - Franz Doelle<br \/>Eine Nacht in Monte Carlo - Werner R. Heymann<br \/>Volver - Carlos Gardel<br \/>Sus ojos se serraron - Carlos Gardel<br \/>Blauer Himmel - Joe Rixner<br \/>Jalousie - Jacob Gade<br \/>Sch\u00f6ner Gigolo, armer Gigolo - Leonello Casucci<br \/>In einer kleinen Konditorei - Fred Raymond<br \/>Donna Vatra! - Otto K\u00f6pping<br \/>Thea - Michael Wolfgang<br \/>Oh Donna Clara! - Martin Uhl<br \/>Madrid, Madrid, Madrid - Augustin Lara<br \/>Regentropfen, die an mein Fenster klopfen - Emil Palm<br \/>Schenk mir dein Herz, Lucia! - Gerhard Winkler<br \/>Es begann in Capri - Gerhard Winkler<br \/>Sizilianisches St\u00e4ndchen - Gerhard Winkler<br \/>Fr\u00fchling in der Toskana - Gerhard Winkler<br \/>Neapolitanisches St\u00e4ndchen - Gerhard Winkler<br \/>Annen-Polka - Johann Strau\u00df (Sohn)<br \/>Vilja-Lied - Franz Leh\u00e1r<br \/>Petersburger Schlittenfahrt - Richard Eilenberg<br \/>Ballett der Geigen - Hans Zander<br \/>Da Capo - Georges Boulanger<br \/>M\u00fcnchner Kindl - Karl Komz\u00e1k, op. 286<br \/>Ballsirenen - Franz Leh\u00e1r<br \/>Hereinspaziert! - C.M. Ziehrer<br \/>Zwei Herzen im Dreivierteltakt - Robert Stolz, op. 548<br \/>Charmaine - Erno Rappe\u00e9<br \/>Tanzen m\u00f6cht ich! - Emmerich K\u00e1lman<br \/>Die Hydropathen - Josef Gungl, op. 149<br \/>Faschingskinder - C.M. Ziehrer<br \/>Wie ein Wunder kam die Liebe \u00fcber Nacht - Franz Doelle<br \/>Gold und Silber - Franz Leh\u00e1r<br \/>La Paloma - P. Lesso-Valerio<br \/>Schwarze Augen - A. Ferraris<br \/>Der Schubert, der Lanner, der Strau\u00df - Oskar Ettinger<br \/>Die Schlittschuhl\u00e4ufer - Emil Waldteufel<br \/>Russia - Michael Cord<br \/>Das K\u00e4tchen vom Rolandseck - Oskar Ettinger<br \/>Salut d\u00b4amour - Edward Elgar<br \/>\u00dcber den Wellen - Juventino Rosas<br \/>La mer - Charles Trenet<br \/>In\u00b4s blaue Leben - Ralph Erwin<br \/>Moon River - H. Mancini<br \/>Doina Voda - De Maurici<br \/>Adieu, mein kleiner Gardeoffizier - Robert Stolz<br \/>Wenn die Sonne hinter den F\u00e4chern versinkt - Peter Kreuder<br \/>Liebling, mein Herz l\u00e4\u00dft dich gr\u00fc\u00dfen - Werner R. Heymann<br \/>Der starke Max aus Halifax - Horst Hoffmann<br \/>I love my Baby - Harry Warren<br \/>Komm zu mir heut Nacht - Joe Rixner<br \/>A media luz - E. Donato<br \/>F\u00e4cher-Polonaise - C.M. Ziehrer<br \/>Unter Donner und Blitz - Johann Strau\u00df (Sohn)<br \/>Tik-Tak - Johann Strau\u00df<br \/>Leichtes Blut - Johann Strau\u00df<br \/>Barataria-Marsch - C. Komzak<br \/>Weiber-Marsch - Franz Leh\u00e1r<br \/>Das liegt bei uns im Blut - C.M. Ziehrer<br \/>Hoch droben auf dem Berg - Franz Grothe<br \/>Davon geht die Welt nicht unter - Michael Jary<br \/>Wiener Blut - Johann Strau\u00df<br \/>Sag beim Abschied leise Servus - Peter Kreuder<br \/>Schatz-Walzer - Johann Strau\u00df<br \/>Erinnerungen an Herkulesbad - J.M. Pazeller<br \/>Im Chambre separe\u00e9 - Richard Heuberger<br \/>Sphinx - Francis Popy<br \/>Meine Lippen, sie k\u00fcssen so hei\u00df - Franz Leh\u00e1r<br \/>Du sollst der Kaiser meiner Seele sein - Robert Stolz<br \/>Segelfliegerleben - Herbert Knobel<br \/>Funiculi-Funicula - Ad. Gauwin<br \/>Capri-Fischer - Gerhard Winkler<br \/>Sonne \u00fcber Capri - Hermann Krome<br \/>Gern hab ich die Frau\u00b4n gek\u00fc\u00dft - Franz Leh\u00e1r<br \/>Mutterl-Lied - Edmund Eysler<br \/>Still wie die Nacht - Carl Bohm<br \/>Einsamer Sonntag - Seress Resz\u00f6<br \/>Pony - Joe Rixner<br \/>Komm mit nach Madeira - Eduard K\u00fcnneke<br \/>K\u00fcssen ist keine S\u00fcnd - Edmund Eysler<br \/>Heut\u00b4Nacht hab ich getr\u00e4umt von dir - Emmerich Kalman<br \/>Nur nicht aus Liebe weinen - Theo Mackeben<br \/>Herzen und Blumen - A. Tellier-Czibulka<br \/>Rosmarie, vergi\u00df mich nie! - Peter Kreuder<br \/>Flieger, gr\u00fc\u00df mir die Sonne - Allan Gray<br \/>Cubanischer Tanz - Helmut Ritter<br \/><\/p>\n","protected":false},"excerpt":{"rendered":"<p>? A B C D E F G H I J K L M N O P Q R S T U V W X Y Z all Feuert los! (Blaze away!) &#8211; Abe HolzmannSt\u00e4ndchen &#8211; Jonny HeykensNixengefl\u00fcster &#8211; Jonny HeykensElfentanz &#8211; Jonny HeykensBarcarole Venezia &#8211; Rudolf KattniggAloha-oe &#8211; P. Cesso &#8211; ValerioIndian love call [&hellip;]<\/p>\n","protected":false},"author":4,"featured_media":0,"parent":0,"menu_order":55,"comment_status":"closed","ping_status":"closed","template":"","meta":{"ngg_post_thumbnail":0,"footnotes":""},"class_list":["post-62","page","type-page","status-publish","hentry"],"yoast_head":"<!-- This site is optimized with the Yoast SEO plugin v26.6 - https:\/\/yoast.com\/wordpress\/plugins\/seo\/ -->\n<title>Repertoire - SALONMUSIK-SAITENSPRUENGE<\/title>\n<meta name=\"robots\" content=\"index, follow, max-snippet:-1, max-image-preview:large, max-video-preview:-1\" \/>\n<link rel=\"canonical\" href=\"https:\/\/www.salonmusik-saitenspruenge.de\/?page_id=62\" \/>\n<meta property=\"og:locale\" content=\"de_DE\" \/>\n<meta property=\"og:type\" content=\"article\" \/>\n<meta property=\"og:title\" content=\"Repertoire - SALONMUSIK-SAITENSPRUENGE\" \/>\n<meta property=\"og:description\" content=\"? A B C D E F G H I J K L M N O P Q R S T U V W X Y Z all Feuert los! (Blaze away!) - Abe HolzmannSt\u00e4ndchen - Jonny HeykensNixengefl\u00fcster - Jonny HeykensElfentanz - Jonny HeykensBarcarole Venezia - Rudolf KattniggAloha-oe - P. Cesso - ValerioIndian love call [&hellip;]\" \/>\n<meta property=\"og:url\" content=\"https:\/\/www.salonmusik-saitenspruenge.de\/?page_id=62\" \/>\n<meta property=\"og:site_name\" content=\"SALONMUSIK-SAITENSPRUENGE\" \/>\n<meta property=\"article:modified_time\" content=\"2008-10-27T23:19:43+00:00\" \/>\n<meta name=\"twitter:card\" content=\"summary_large_image\" \/>\n<script type=\"application\/ld+json\" class=\"yoast-schema-graph\">{\"@context\":\"https:\/\/schema.org\",\"@graph\":[{\"@type\":\"WebPage\",\"@id\":\"https:\/\/www.salonmusik-saitenspruenge.de\/?page_id=62\",\"url\":\"https:\/\/www.salonmusik-saitenspruenge.de\/?page_id=62\",\"name\":\"Repertoire - SALONMUSIK-SAITENSPRUENGE\",\"isPartOf\":{\"@id\":\"https:\/\/www.salonmusik-saitenspruenge.de\/#website\"},\"datePublished\":\"2008-10-27T23:15:16+00:00\",\"dateModified\":\"2008-10-27T23:19:43+00:00\",\"breadcrumb\":{\"@id\":\"https:\/\/www.salonmusik-saitenspruenge.de\/?page_id=62#breadcrumb\"},\"inLanguage\":\"de\",\"potentialAction\":[{\"@type\":\"ReadAction\",\"target\":[\"https:\/\/www.salonmusik-saitenspruenge.de\/?page_id=62\"]}]},{\"@type\":\"BreadcrumbList\",\"@id\":\"https:\/\/www.salonmusik-saitenspruenge.de\/?page_id=62#breadcrumb\",\"itemListElement\":[{\"@type\":\"ListItem\",\"position\":1,\"name\":\"Startseite\",\"item\":\"https:\/\/www.salonmusik-saitenspruenge.de\/\"},{\"@type\":\"ListItem\",\"position\":2,\"name\":\"Repertoire\"}]},{\"@type\":\"WebSite\",\"@id\":\"https:\/\/www.salonmusik-saitenspruenge.de\/#website\",\"url\":\"https:\/\/www.salonmusik-saitenspruenge.de\/\",\"name\":\"SALONMUSIK-SAITENSPRUENGE\",\"description\":\"SALONMUSIK-SAITENSPRUENGE\",\"potentialAction\":[{\"@type\":\"SearchAction\",\"target\":{\"@type\":\"EntryPoint\",\"urlTemplate\":\"https:\/\/www.salonmusik-saitenspruenge.de\/?s={search_term_string}\"},\"query-input\":{\"@type\":\"PropertyValueSpecification\",\"valueRequired\":true,\"valueName\":\"search_term_string\"}}],\"inLanguage\":\"de\"}]}<\/script>\n<!-- \/ Yoast SEO plugin. -->","yoast_head_json":{"title":"Repertoire - SALONMUSIK-SAITENSPRUENGE","robots":{"index":"index","follow":"follow","max-snippet":"max-snippet:-1","max-image-preview":"max-image-preview:large","max-video-preview":"max-video-preview:-1"},"canonical":"https:\/\/www.salonmusik-saitenspruenge.de\/?page_id=62","og_locale":"de_DE","og_type":"article","og_title":"Repertoire - SALONMUSIK-SAITENSPRUENGE","og_description":"? A B C D E F G H I J K L M N O P Q R S T U V W X Y Z all Feuert los! (Blaze away!) - Abe HolzmannSt\u00e4ndchen - Jonny HeykensNixengefl\u00fcster - Jonny HeykensElfentanz - Jonny HeykensBarcarole Venezia - Rudolf KattniggAloha-oe - P. Cesso - ValerioIndian love call [&hellip;]","og_url":"https:\/\/www.salonmusik-saitenspruenge.de\/?page_id=62","og_site_name":"SALONMUSIK-SAITENSPRUENGE","article_modified_time":"2008-10-27T23:19:43+00:00","twitter_card":"summary_large_image","schema":{"@context":"https:\/\/schema.org","@graph":[{"@type":"WebPage","@id":"https:\/\/www.salonmusik-saitenspruenge.de\/?page_id=62","url":"https:\/\/www.salonmusik-saitenspruenge.de\/?page_id=62","name":"Repertoire - SALONMUSIK-SAITENSPRUENGE","isPartOf":{"@id":"https:\/\/www.salonmusik-saitenspruenge.de\/#website"},"datePublished":"2008-10-27T23:15:16+00:00","dateModified":"2008-10-27T23:19:43+00:00","breadcrumb":{"@id":"https:\/\/www.salonmusik-saitenspruenge.de\/?page_id=62#breadcrumb"},"inLanguage":"de","potentialAction":[{"@type":"ReadAction","target":["https:\/\/www.salonmusik-saitenspruenge.de\/?page_id=62"]}]},{"@type":"BreadcrumbList","@id":"https:\/\/www.salonmusik-saitenspruenge.de\/?page_id=62#breadcrumb","itemListElement":[{"@type":"ListItem","position":1,"name":"Startseite","item":"https:\/\/www.salonmusik-saitenspruenge.de\/"},{"@type":"ListItem","position":2,"name":"Repertoire"}]},{"@type":"WebSite","@id":"https:\/\/www.salonmusik-saitenspruenge.de\/#website","url":"https:\/\/www.salonmusik-saitenspruenge.de\/","name":"SALONMUSIK-SAITENSPRUENGE","description":"SALONMUSIK-SAITENSPRUENGE","potentialAction":[{"@type":"SearchAction","target":{"@type":"EntryPoint","urlTemplate":"https:\/\/www.salonmusik-saitenspruenge.de\/?s={search_term_string}"},"query-input":{"@type":"PropertyValueSpecification","valueRequired":true,"valueName":"search_term_string"}}],"inLanguage":"de"}]}},"_links":{"self":[{"href":"https:\/\/www.salonmusik-saitenspruenge.de\/index.php?rest_route=\/wp\/v2\/pages\/62","targetHints":{"allow":["GET"]}}],"collection":[{"href":"https:\/\/www.salonmusik-saitenspruenge.de\/index.php?rest_route=\/wp\/v2\/pages"}],"about":[{"href":"https:\/\/www.salonmusik-saitenspruenge.de\/index.php?rest_route=\/wp\/v2\/types\/page"}],"author":[{"embeddable":true,"href":"https:\/\/www.salonmusik-saitenspruenge.de\/index.php?rest_route=\/wp\/v2\/users\/4"}],"replies":[{"embeddable":true,"href":"https:\/\/www.salonmusik-saitenspruenge.de\/index.php?rest_route=%2Fwp%2Fv2%2Fcomments&post=62"}],"version-history":[{"count":3,"href":"https:\/\/www.salonmusik-saitenspruenge.de\/index.php?rest_route=\/wp\/v2\/pages\/62\/revisions"}],"predecessor-version":[{"id":66,"href":"https:\/\/www.salonmusik-saitenspruenge.de\/index.php?rest_route=\/wp\/v2\/pages\/62\/revisions\/66"}],"wp:attachment":[{"href":"https:\/\/www.salonmusik-saitenspruenge.de\/index.php?rest_route=%2Fwp%2Fv2%2Fmedia&parent=62"}],"curies":[{"name":"wp","href":"https:\/\/api.w.org\/{rel}","templated":true}]}}